{"id":530,"date":"2025-07-17T19:49:47","date_gmt":"2025-07-17T19:49:47","guid":{"rendered":"https:\/\/darksalmon-wolverine-186777.hostingersite.com\/?post_type=product&#038;p=530"},"modified":"2025-08-22T17:46:01","modified_gmt":"2025-08-22T17:46:01","slug":"crema-dolce-latte-pasticcera","status":"publish","type":"product","link":"https:\/\/fioredolci.com\/es\/product\/crema-dolce-latte-pasticcera\/","title":{"rendered":"Dulce de leche Repostero - Pastelero"},"content":{"rendered":"<h2 data-section-id=\"153i2c6\" data-start=\"234\" data-end=\"312\"><strong data-start=\"240\" data-end=\"312\">Dulce de leche repostero o pastelero \u2013Tradici\u00f3n y consistencia para tus postres.<\/strong><\/h2>\n<p data-start=\"314\" data-end=\"525\" class=\"translation-block\">Preparado artesanalmente con <strong>leche fresca entera<\/strong> y <strong>az\u00facar de remolacha<\/strong>, en la justa cantidad para garantizar <strong>una dulzura equilibrada y una consistencia compacta<\/strong>, ideal para el uso en reposter\u00eda.<\/p>\n<p data-start=\"527\" data-end=\"753\" class=\"translation-block\">Cocinado lentamente en paila abierta seg\u00fan la <strong>forma tradicional<\/strong>, tiene un sabor <strong>rico, naturalmente acaramelado<\/strong> y una estructura firme pero aterciopelada, perfecta para rellenos, decoraciones y preparaciones de reposter\u00eda.<\/p>\n<p data-start=\"755\" data-end=\"912\">\u2705 Solo ingredientes naturales<br data-start=\"782\" data-end=\"785\" \/>\u2705 Sin conservantes ni aromatizantes artificiales<br data-start=\"825\" data-end=\"828\" \/>\u2705 Ideal para <strong data-start=\"841\" data-end=\"912\">rellenar alfajores, tartas, tortas, ca\u00f1oncitos y otros dulces.<\/strong><\/p>\n<p data-start=\"914\" data-end=\"1093\">\ud83d\udc49 Un producto aut\u00e9ntico, elaborado con pasi\u00f3n e ingredientes naturales, como se hac\u00eda tradicionalmente.<br data-start=\"1011\" data-end=\"1014\" \/><strong data-start=\"1014\" data-end=\"1093\">100% artesanal, para quien busca distinguirse con preparados dulces de sabores genuinos<\/strong><\/p>\n<table width=\"403\">\n<tbody>\n<tr>\n<td colspan=\"2\" width=\"403\">INGREDIENTES<\/td>\n<\/tr>\n<tr>\n<td colspan=\"2\" width=\"403\">Leche entera liquida; Azucar; Jarabe de glucosa; Bicarbonato de sodio; Vainilla<\/td>\n<\/tr>\n<tr>\n<td colspan=\"2\" width=\"403\"><\/td>\n<\/tr>\n<tr>\n<td colspan=\"2\">VALORES NUTRICIONALES (por 100 g)<\/td>\n<\/tr>\n<tr data-start=\"502\" data-end=\"605\">\n<td width=\"259\" data-start=\"502\" data-end=\"537\" data-col-size=\"sm\">Valor energ\u00e9tico<\/td>\n<td width=\"144\" data-start=\"537\" data-end=\"562\" data-col-size=\"sm\">320 kcal \/ 1340 kJ<\/td>\n<\/tr>\n<tr data-start=\"606\" data-end=\"712\">\n<td width=\"259\" data-start=\"606\" data-end=\"647\" data-col-size=\"sm\">Grasas totales<\/td>\n<td width=\"144\" data-start=\"647\" data-end=\"672\" data-col-size=\"sm\">6,5 g<\/td>\n<\/tr>\n<tr data-start=\"713\" data-end=\"826\">\n<td width=\"259\" data-start=\"713\" data-end=\"747\" data-col-size=\"sm\">- saturadas<\/td>\n<td width=\"144\" data-start=\"747\" data-end=\"772\" data-col-size=\"sm\">4,5g<\/td>\n<\/tr>\n<tr data-start=\"827\" data-end=\"953\">\n<td width=\"259\" data-start=\"827\" data-end=\"867\" data-col-size=\"sm\">Hidratos de carbono<\/td>\n<td width=\"144\" data-start=\"867\" data-end=\"892\" data-col-size=\"sm\">62 g<\/td>\n<\/tr>\n<tr data-start=\"954\" data-end=\"1051\">\n<td width=\"259\" data-start=\"954\" data-end=\"994\" data-col-size=\"sm\">\u2014 Az\u00facares<\/td>\n<td width=\"144\" data-start=\"994\" data-end=\"1019\" data-col-size=\"sm\">56 g<\/td>\n<\/tr>\n<tr data-start=\"1052\" data-end=\"1173\">\n<td width=\"259\" data-start=\"1052\" data-end=\"1092\" data-col-size=\"sm\">Prote\u00ednas<\/td>\n<td width=\"144\" data-start=\"1092\" data-end=\"1117\" data-col-size=\"sm\">6 g<\/td>\n<\/tr>\n<tr data-start=\"1174\" data-end=\"1315\">\n<td width=\"259\" data-start=\"1174\" data-end=\"1214\" data-col-size=\"sm\">Sal (aprox.)<\/td>\n<td width=\"144\" data-start=\"1214\" data-end=\"1239\" data-col-size=\"sm\">0,2 g<\/td>\n<\/tr>\n<\/tbody>\n<\/table>","protected":false},"excerpt":{"rendered":"<p>Crema dolce latte pasticcera\u00a0\u2013 Tradizione e consistenza per i tuoi dolci Preparato artigianalmente con latte fresco intero e zucchero di barbabietola, nella giusta quantit\u00e0 per garantire una dolcezza equilibrata e una consistenza compatta, ideale per l\u2019uso in pasticceria. Cotto lentamente in paiola aperta secondo la ricetta tradizionale argentina, ha un sapore ricco, naturalmente caramellato e [&hellip;]<\/p>","protected":false},"featured_media":611,"comment_status":"open","ping_status":"closed","template":"","meta":[],"product_cat":[15],"product_tag":[],"yoast_head":"<!-- This site is optimized with the Yoast SEO plugin v23.0 - https:\/\/yoast.com\/wordpress\/plugins\/seo\/ -->\n<title>Crema dolce latte pasticcera - fioredolciaria.com<\/title>\n<meta name=\"description\" content=\"Dulce de leche artigianale con latte fresco e zucchero di barbabietola. Naturale, cremoso, perfetto da spalmare o gustare al cucchiaio.\" \/>\n<meta name=\"robots\" content=\"index, follow, max-snippet:-1, max-image-preview:large, max-video-preview:-1\" \/>\n<link rel=\"canonical\" href=\"https:\/\/fioredolci.com\/es\/product\/crema-dolce-latte-pasticcera\/\" \/>\n<meta property=\"og:locale\" content=\"es_ES\" \/>\n<meta property=\"og:type\" content=\"article\" \/>\n<meta property=\"og:title\" content=\"Crema dolce latte pasticcera - fioredolciaria.com\" \/>\n<meta property=\"og:description\" content=\"Dulce de leche artigianale con latte fresco e zucchero di barbabietola. Naturale, cremoso, perfetto da spalmare o gustare al cucchiaio.\" \/>\n<meta property=\"og:url\" content=\"https:\/\/fioredolci.com\/es\/product\/crema-dolce-latte-pasticcera\/\" \/>\n<meta property=\"og:site_name\" content=\"fioredolciaria.com\" \/>\n<meta property=\"article:modified_time\" content=\"2025-08-22T17:46:01+00:00\" \/>\n<meta property=\"og:image\" content=\"https:\/\/fioredolci.com\/wp-content\/uploads\/2025\/07\/1.png\" \/>\n\t<meta property=\"og:image:width\" content=\"1500\" \/>\n\t<meta property=\"og:image:height\" content=\"1500\" \/>\n\t<meta property=\"og:image:type\" content=\"image\/png\" \/>\n<meta name=\"twitter:card\" content=\"summary_large_image\" \/>\n<meta name=\"twitter:label1\" content=\"Tiempo de lectura\" \/>\n\t<meta name=\"twitter:data1\" content=\"2 minutos\" \/>\n<script type=\"application\/ld+json\" class=\"yoast-schema-graph\">{\"@context\":\"https:\/\/schema.org\",\"@graph\":[{\"@type\":\"WebPage\",\"@id\":\"https:\/\/fioredolci.com\/product\/crema-dolce-latte-pasticcera\/\",\"url\":\"https:\/\/fioredolci.com\/product\/crema-dolce-latte-pasticcera\/\",\"name\":\"Crema dolce latte pasticcera - fioredolciaria.com\",\"isPartOf\":{\"@id\":\"https:\/\/fioredolci.com\/#website\"},\"primaryImageOfPage\":{\"@id\":\"https:\/\/fioredolci.com\/product\/crema-dolce-latte-pasticcera\/#primaryimage\"},\"image\":{\"@id\":\"https:\/\/fioredolci.com\/product\/crema-dolce-latte-pasticcera\/#primaryimage\"},\"thumbnailUrl\":\"https:\/\/fioredolci.com\/wp-content\/uploads\/2025\/07\/1.png\",\"datePublished\":\"2025-07-17T19:49:47+00:00\",\"dateModified\":\"2025-08-22T17:46:01+00:00\",\"description\":\"Dulce de leche artigianale con latte fresco e zucchero di barbabietola. Naturale, cremoso, perfetto da spalmare o gustare al cucchiaio.\",\"breadcrumb\":{\"@id\":\"https:\/\/fioredolci.com\/product\/crema-dolce-latte-pasticcera\/#breadcrumb\"},\"inLanguage\":\"es\",\"potentialAction\":[{\"@type\":\"ReadAction\",\"target\":[\"https:\/\/fioredolci.com\/product\/crema-dolce-latte-pasticcera\/\"]}]},{\"@type\":\"ImageObject\",\"inLanguage\":\"es\",\"@id\":\"https:\/\/fioredolci.com\/product\/crema-dolce-latte-pasticcera\/#primaryimage\",\"url\":\"https:\/\/fioredolci.com\/wp-content\/uploads\/2025\/07\/1.png\",\"contentUrl\":\"https:\/\/fioredolci.com\/wp-content\/uploads\/2025\/07\/1.png\",\"width\":1500,\"height\":1500},{\"@type\":\"BreadcrumbList\",\"@id\":\"https:\/\/fioredolci.com\/product\/crema-dolce-latte-pasticcera\/#breadcrumb\",\"itemListElement\":[{\"@type\":\"ListItem\",\"position\":1,\"name\":\"Home\",\"item\":\"https:\/\/fioredolci.com\/\"},{\"@type\":\"ListItem\",\"position\":2,\"name\":\"Shop\",\"item\":\"https:\/\/fioredolci.com\/shop\/\"},{\"@type\":\"ListItem\",\"position\":3,\"name\":\"Crema dolce latte pasticcera\"}]},{\"@type\":\"WebSite\",\"@id\":\"https:\/\/fioredolci.com\/#website\",\"url\":\"https:\/\/fioredolci.com\/\",\"name\":\"fioredolciaria.com\",\"description\":\"\",\"publisher\":{\"@id\":\"https:\/\/fioredolci.com\/#organization\"},\"potentialAction\":[{\"@type\":\"SearchAction\",\"target\":{\"@type\":\"EntryPoint\",\"urlTemplate\":\"https:\/\/fioredolci.com\/?s={search_term_string}\"},\"query-input\":\"required name=search_term_string\"}],\"inLanguage\":\"es\"},{\"@type\":\"Organization\",\"@id\":\"https:\/\/fioredolci.com\/#organization\",\"name\":\"fioredolciaria.com\",\"url\":\"https:\/\/fioredolci.com\/\",\"logo\":{\"@type\":\"ImageObject\",\"inLanguage\":\"es\",\"@id\":\"https:\/\/fioredolci.com\/#\/schema\/logo\/image\/\",\"url\":\"https:\/\/fioredolci.com\/wp-content\/uploads\/2024\/07\/fiore-nome.png\",\"contentUrl\":\"https:\/\/fioredolci.com\/wp-content\/uploads\/2024\/07\/fiore-nome.png\",\"width\":819,\"height\":460,\"caption\":\"fioredolciaria.com\"},\"image\":{\"@id\":\"https:\/\/fioredolci.com\/#\/schema\/logo\/image\/\"}}]}<\/script>\n<!-- \/ Yoast SEO plugin. -->","yoast_head_json":{"title":"Crema dolce latte pasticcera - fioredolciaria.com","description":"Dulce de leche artigianale con latte fresco e zucchero di barbabietola. Naturale, cremoso, perfetto da spalmare o gustare al cucchiaio.","robots":{"index":"index","follow":"follow","max-snippet":"max-snippet:-1","max-image-preview":"max-image-preview:large","max-video-preview":"max-video-preview:-1"},"canonical":"https:\/\/fioredolci.com\/es\/product\/crema-dolce-latte-pasticcera\/","og_locale":"es_ES","og_type":"article","og_title":"Crema dolce latte pasticcera - fioredolciaria.com","og_description":"Dulce de leche artigianale con latte fresco e zucchero di barbabietola. Naturale, cremoso, perfetto da spalmare o gustare al cucchiaio.","og_url":"https:\/\/fioredolci.com\/es\/product\/crema-dolce-latte-pasticcera\/","og_site_name":"fioredolciaria.com","article_modified_time":"2025-08-22T17:46:01+00:00","og_image":[{"width":1500,"height":1500,"url":"https:\/\/fioredolci.com\/wp-content\/uploads\/2025\/07\/1.png","type":"image\/png"}],"twitter_card":"summary_large_image","twitter_misc":{"Tiempo de lectura":"2 minutos"},"schema":{"@context":"https:\/\/schema.org","@graph":[{"@type":"WebPage","@id":"https:\/\/fioredolci.com\/product\/crema-dolce-latte-pasticcera\/","url":"https:\/\/fioredolci.com\/product\/crema-dolce-latte-pasticcera\/","name":"Crema dolce latte pasticcera - fioredolciaria.com","isPartOf":{"@id":"https:\/\/fioredolci.com\/#website"},"primaryImageOfPage":{"@id":"https:\/\/fioredolci.com\/product\/crema-dolce-latte-pasticcera\/#primaryimage"},"image":{"@id":"https:\/\/fioredolci.com\/product\/crema-dolce-latte-pasticcera\/#primaryimage"},"thumbnailUrl":"https:\/\/fioredolci.com\/wp-content\/uploads\/2025\/07\/1.png","datePublished":"2025-07-17T19:49:47+00:00","dateModified":"2025-08-22T17:46:01+00:00","description":"Dulce de leche artigianale con latte fresco e zucchero di barbabietola. Naturale, cremoso, perfetto da spalmare o gustare al cucchiaio.","breadcrumb":{"@id":"https:\/\/fioredolci.com\/product\/crema-dolce-latte-pasticcera\/#breadcrumb"},"inLanguage":"es","potentialAction":[{"@type":"ReadAction","target":["https:\/\/fioredolci.com\/product\/crema-dolce-latte-pasticcera\/"]}]},{"@type":"ImageObject","inLanguage":"es","@id":"https:\/\/fioredolci.com\/product\/crema-dolce-latte-pasticcera\/#primaryimage","url":"https:\/\/fioredolci.com\/wp-content\/uploads\/2025\/07\/1.png","contentUrl":"https:\/\/fioredolci.com\/wp-content\/uploads\/2025\/07\/1.png","width":1500,"height":1500},{"@type":"BreadcrumbList","@id":"https:\/\/fioredolci.com\/product\/crema-dolce-latte-pasticcera\/#breadcrumb","itemListElement":[{"@type":"ListItem","position":1,"name":"Home","item":"https:\/\/fioredolci.com\/"},{"@type":"ListItem","position":2,"name":"Shop","item":"https:\/\/fioredolci.com\/shop\/"},{"@type":"ListItem","position":3,"name":"Crema dolce latte pasticcera"}]},{"@type":"WebSite","@id":"https:\/\/fioredolci.com\/#website","url":"https:\/\/fioredolci.com\/","name":"fioredolciaria.com","description":"","publisher":{"@id":"https:\/\/fioredolci.com\/#organization"},"potentialAction":[{"@type":"SearchAction","target":{"@type":"EntryPoint","urlTemplate":"https:\/\/fioredolci.com\/?s={search_term_string}"},"query-input":"required name=search_term_string"}],"inLanguage":"es"},{"@type":"Organization","@id":"https:\/\/fioredolci.com\/#organization","name":"fioredolciaria.com","url":"https:\/\/fioredolci.com\/","logo":{"@type":"ImageObject","inLanguage":"es","@id":"https:\/\/fioredolci.com\/#\/schema\/logo\/image\/","url":"https:\/\/fioredolci.com\/wp-content\/uploads\/2024\/07\/fiore-nome.png","contentUrl":"https:\/\/fioredolci.com\/wp-content\/uploads\/2024\/07\/fiore-nome.png","width":819,"height":460,"caption":"fioredolciaria.com"},"image":{"@id":"https:\/\/fioredolci.com\/#\/schema\/logo\/image\/"}}]}},"_links":{"self":[{"href":"https:\/\/fioredolci.com\/es\/wp-json\/wp\/v2\/product\/530"}],"collection":[{"href":"https:\/\/fioredolci.com\/es\/wp-json\/wp\/v2\/product"}],"about":[{"href":"https:\/\/fioredolci.com\/es\/wp-json\/wp\/v2\/types\/product"}],"replies":[{"embeddable":true,"href":"https:\/\/fioredolci.com\/es\/wp-json\/wp\/v2\/comments?post=530"}],"wp:featuredmedia":[{"embeddable":true,"href":"https:\/\/fioredolci.com\/es\/wp-json\/wp\/v2\/media\/611"}],"wp:attachment":[{"href":"https:\/\/fioredolci.com\/es\/wp-json\/wp\/v2\/media?parent=530"}],"wp:term":[{"taxonomy":"product_cat","embeddable":true,"href":"https:\/\/fioredolci.com\/es\/wp-json\/wp\/v2\/product_cat?post=530"},{"taxonomy":"product_tag","embeddable":true,"href":"https:\/\/fioredolci.com\/es\/wp-json\/wp\/v2\/product_tag?post=530"}],"curies":[{"name":"wp","href":"https:\/\/api.w.org\/{rel}","templated":true}]}}