{"id":547,"date":"2025-07-17T19:55:33","date_gmt":"2025-07-17T19:55:33","guid":{"rendered":"https:\/\/darksalmon-wolverine-186777.hostingersite.com\/?post_type=product&#038;p=547"},"modified":"2025-08-12T09:07:35","modified_gmt":"2025-08-12T09:07:35","slug":"crema-dolce-latte-gusto-italiano","status":"publish","type":"product","link":"https:\/\/fioredolci.com\/es\/product\/crema-dolce-latte-gusto-italiano\/","title":{"rendered":"Dulce de leche gusto Italiano"},"content":{"rendered":"<h2 data-section-id=\"wg2hwx\" data-start=\"182\" data-end=\"223\"><strong data-start=\"188\" data-end=\"223\">Crema dolce latte gusto italiano \u2013\u00a0 Soffice e avvolgente<\/strong><\/h2>\n<p data-start=\"225\" data-end=\"382\" class=\"translation-block\">Una receta artesanal inspirada en la tradicional argentina, <strong data-start=\"285\" data-end=\"315\">adaptada al gusto italiano<\/strong>: mas delicada, menos dulce, de estructura cremosa y untable.<\/p>\n<p data-start=\"384\" data-end=\"660\" class=\"translation-block\">Preparado con <strong data-start=\"398\" data-end=\"421\">leche fresca entera<\/strong> y <strong data-start=\"424\" data-end=\"476\">Azucar de remolacha en cantidad equilibrada<\/strong>, sin conservantes ni aromas artificiales. El resultado es un dulce natural de sabor envolvente, perfecta para comer a cucharadas pero principalmente para untar en <strong data-start=\"625\" data-end=\"659\">panes, panqueques o waffles<\/strong>.<\/p>\n<p data-start=\"662\" data-end=\"793\">\u2705 Solo ingredientes naturales<br data-start=\"689\" data-end=\"692\" \/>\u2705 Sabor mas suave, pensado para el paladar italiano<br data-start=\"743\" data-end=\"746\" \/>\u2705 100% artesanal, sin aditivos ni vanilla sintetica<\/p>\n<p data-start=\"795\" data-end=\"905\">\ud83d\udc49 Una dulce caricia diaria, genuina y versatil, para quienes buscan un dulce untable distinto a las de siempre.<\/p>","protected":false},"excerpt":{"rendered":"<p>Crema dolce latte gusto italiano \u2013\u00a0 Soffice e avvolgente Una ricetta artigianale ispirata alla tradizione argentina, adattata al gusto italiano: pi\u00f9 delicata, meno dolce, dalla consistenza cremosa e spalmabile. Preparato con latte fresco intero e zucchero di barbabietola in quantit\u00e0 equilibrata, senza conservanti n\u00e9 aromi artificiali. Il risultato \u00e8 una crema naturale dal sapore avvolgente, [&hellip;]<\/p>","protected":false},"featured_media":614,"comment_status":"open","ping_status":"closed","template":"","meta":[],"product_cat":[15],"product_tag":[],"yoast_head":"<!-- This site is optimized with the Yoast SEO plugin v23.0 - https:\/\/yoast.com\/wordpress\/plugins\/seo\/ -->\n<title>Crema dolce latte gusto italiano - fioredolciaria.com<\/title>\n<meta name=\"description\" content=\"Dulce de leche artigianale con latte fresco e zucchero di barbabietola. Naturale, cremoso, perfetto da spalmare o gustare al cucchiaio.\" \/>\n<meta name=\"robots\" content=\"index, follow, max-snippet:-1, max-image-preview:large, max-video-preview:-1\" \/>\n<link rel=\"canonical\" href=\"https:\/\/fioredolci.com\/es\/product\/crema-dolce-latte-gusto-italiano\/\" \/>\n<meta property=\"og:locale\" content=\"es_ES\" \/>\n<meta property=\"og:type\" content=\"article\" \/>\n<meta property=\"og:title\" content=\"Crema dolce latte gusto italiano - fioredolciaria.com\" \/>\n<meta property=\"og:description\" content=\"Dulce de leche artigianale con latte fresco e zucchero di barbabietola. Naturale, cremoso, perfetto da spalmare o gustare al cucchiaio.\" \/>\n<meta property=\"og:url\" content=\"https:\/\/fioredolci.com\/es\/product\/crema-dolce-latte-gusto-italiano\/\" \/>\n<meta property=\"og:site_name\" content=\"fioredolciaria.com\" \/>\n<meta property=\"article:modified_time\" content=\"2025-08-12T09:07:35+00:00\" \/>\n<meta property=\"og:image\" content=\"https:\/\/fioredolci.com\/wp-content\/uploads\/2025\/07\/4.png\" \/>\n\t<meta property=\"og:image:width\" content=\"1500\" \/>\n\t<meta property=\"og:image:height\" content=\"1500\" \/>\n\t<meta property=\"og:image:type\" content=\"image\/png\" \/>\n<meta name=\"twitter:card\" content=\"summary_large_image\" \/>\n<meta name=\"twitter:label1\" content=\"Tiempo de lectura\" \/>\n\t<meta name=\"twitter:data1\" content=\"1 minuto\" \/>\n<script type=\"application\/ld+json\" class=\"yoast-schema-graph\">{\"@context\":\"https:\/\/schema.org\",\"@graph\":[{\"@type\":\"WebPage\",\"@id\":\"https:\/\/fioredolci.com\/product\/crema-dolce-latte-gusto-italiano\/\",\"url\":\"https:\/\/fioredolci.com\/product\/crema-dolce-latte-gusto-italiano\/\",\"name\":\"Crema dolce latte gusto italiano - fioredolciaria.com\",\"isPartOf\":{\"@id\":\"https:\/\/fioredolci.com\/#website\"},\"primaryImageOfPage\":{\"@id\":\"https:\/\/fioredolci.com\/product\/crema-dolce-latte-gusto-italiano\/#primaryimage\"},\"image\":{\"@id\":\"https:\/\/fioredolci.com\/product\/crema-dolce-latte-gusto-italiano\/#primaryimage\"},\"thumbnailUrl\":\"https:\/\/fioredolci.com\/wp-content\/uploads\/2025\/07\/4.png\",\"datePublished\":\"2025-07-17T19:55:33+00:00\",\"dateModified\":\"2025-08-12T09:07:35+00:00\",\"description\":\"Dulce de leche artigianale con latte fresco e zucchero di barbabietola. Naturale, cremoso, perfetto da spalmare o gustare al cucchiaio.\",\"breadcrumb\":{\"@id\":\"https:\/\/fioredolci.com\/product\/crema-dolce-latte-gusto-italiano\/#breadcrumb\"},\"inLanguage\":\"es\",\"potentialAction\":[{\"@type\":\"ReadAction\",\"target\":[\"https:\/\/fioredolci.com\/product\/crema-dolce-latte-gusto-italiano\/\"]}]},{\"@type\":\"ImageObject\",\"inLanguage\":\"es\",\"@id\":\"https:\/\/fioredolci.com\/product\/crema-dolce-latte-gusto-italiano\/#primaryimage\",\"url\":\"https:\/\/fioredolci.com\/wp-content\/uploads\/2025\/07\/4.png\",\"contentUrl\":\"https:\/\/fioredolci.com\/wp-content\/uploads\/2025\/07\/4.png\",\"width\":1500,\"height\":1500},{\"@type\":\"BreadcrumbList\",\"@id\":\"https:\/\/fioredolci.com\/product\/crema-dolce-latte-gusto-italiano\/#breadcrumb\",\"itemListElement\":[{\"@type\":\"ListItem\",\"position\":1,\"name\":\"Home\",\"item\":\"https:\/\/fioredolci.com\/\"},{\"@type\":\"ListItem\",\"position\":2,\"name\":\"Shop\",\"item\":\"https:\/\/fioredolci.com\/shop\/\"},{\"@type\":\"ListItem\",\"position\":3,\"name\":\"Crema dolce latte gusto italiano\"}]},{\"@type\":\"WebSite\",\"@id\":\"https:\/\/fioredolci.com\/#website\",\"url\":\"https:\/\/fioredolci.com\/\",\"name\":\"fioredolciaria.com\",\"description\":\"\",\"publisher\":{\"@id\":\"https:\/\/fioredolci.com\/#organization\"},\"potentialAction\":[{\"@type\":\"SearchAction\",\"target\":{\"@type\":\"EntryPoint\",\"urlTemplate\":\"https:\/\/fioredolci.com\/?s={search_term_string}\"},\"query-input\":\"required name=search_term_string\"}],\"inLanguage\":\"es\"},{\"@type\":\"Organization\",\"@id\":\"https:\/\/fioredolci.com\/#organization\",\"name\":\"fioredolciaria.com\",\"url\":\"https:\/\/fioredolci.com\/\",\"logo\":{\"@type\":\"ImageObject\",\"inLanguage\":\"es\",\"@id\":\"https:\/\/fioredolci.com\/#\/schema\/logo\/image\/\",\"url\":\"https:\/\/fioredolci.com\/wp-content\/uploads\/2024\/07\/fiore-nome.png\",\"contentUrl\":\"https:\/\/fioredolci.com\/wp-content\/uploads\/2024\/07\/fiore-nome.png\",\"width\":819,\"height\":460,\"caption\":\"fioredolciaria.com\"},\"image\":{\"@id\":\"https:\/\/fioredolci.com\/#\/schema\/logo\/image\/\"}}]}<\/script>\n<!-- \/ Yoast SEO plugin. -->","yoast_head_json":{"title":"Crema dolce latte gusto italiano - fioredolciaria.com","description":"Dulce de leche artigianale con latte fresco e zucchero di barbabietola. Naturale, cremoso, perfetto da spalmare o gustare al cucchiaio.","robots":{"index":"index","follow":"follow","max-snippet":"max-snippet:-1","max-image-preview":"max-image-preview:large","max-video-preview":"max-video-preview:-1"},"canonical":"https:\/\/fioredolci.com\/es\/product\/crema-dolce-latte-gusto-italiano\/","og_locale":"es_ES","og_type":"article","og_title":"Crema dolce latte gusto italiano - fioredolciaria.com","og_description":"Dulce de leche artigianale con latte fresco e zucchero di barbabietola. Naturale, cremoso, perfetto da spalmare o gustare al cucchiaio.","og_url":"https:\/\/fioredolci.com\/es\/product\/crema-dolce-latte-gusto-italiano\/","og_site_name":"fioredolciaria.com","article_modified_time":"2025-08-12T09:07:35+00:00","og_image":[{"width":1500,"height":1500,"url":"https:\/\/fioredolci.com\/wp-content\/uploads\/2025\/07\/4.png","type":"image\/png"}],"twitter_card":"summary_large_image","twitter_misc":{"Tiempo de lectura":"1 minuto"},"schema":{"@context":"https:\/\/schema.org","@graph":[{"@type":"WebPage","@id":"https:\/\/fioredolci.com\/product\/crema-dolce-latte-gusto-italiano\/","url":"https:\/\/fioredolci.com\/product\/crema-dolce-latte-gusto-italiano\/","name":"Crema dolce latte gusto italiano - fioredolciaria.com","isPartOf":{"@id":"https:\/\/fioredolci.com\/#website"},"primaryImageOfPage":{"@id":"https:\/\/fioredolci.com\/product\/crema-dolce-latte-gusto-italiano\/#primaryimage"},"image":{"@id":"https:\/\/fioredolci.com\/product\/crema-dolce-latte-gusto-italiano\/#primaryimage"},"thumbnailUrl":"https:\/\/fioredolci.com\/wp-content\/uploads\/2025\/07\/4.png","datePublished":"2025-07-17T19:55:33+00:00","dateModified":"2025-08-12T09:07:35+00:00","description":"Dulce de leche artigianale con latte fresco e zucchero di barbabietola. Naturale, cremoso, perfetto da spalmare o gustare al cucchiaio.","breadcrumb":{"@id":"https:\/\/fioredolci.com\/product\/crema-dolce-latte-gusto-italiano\/#breadcrumb"},"inLanguage":"es","potentialAction":[{"@type":"ReadAction","target":["https:\/\/fioredolci.com\/product\/crema-dolce-latte-gusto-italiano\/"]}]},{"@type":"ImageObject","inLanguage":"es","@id":"https:\/\/fioredolci.com\/product\/crema-dolce-latte-gusto-italiano\/#primaryimage","url":"https:\/\/fioredolci.com\/wp-content\/uploads\/2025\/07\/4.png","contentUrl":"https:\/\/fioredolci.com\/wp-content\/uploads\/2025\/07\/4.png","width":1500,"height":1500},{"@type":"BreadcrumbList","@id":"https:\/\/fioredolci.com\/product\/crema-dolce-latte-gusto-italiano\/#breadcrumb","itemListElement":[{"@type":"ListItem","position":1,"name":"Home","item":"https:\/\/fioredolci.com\/"},{"@type":"ListItem","position":2,"name":"Shop","item":"https:\/\/fioredolci.com\/shop\/"},{"@type":"ListItem","position":3,"name":"Crema dolce latte gusto italiano"}]},{"@type":"WebSite","@id":"https:\/\/fioredolci.com\/#website","url":"https:\/\/fioredolci.com\/","name":"fioredolciaria.com","description":"","publisher":{"@id":"https:\/\/fioredolci.com\/#organization"},"potentialAction":[{"@type":"SearchAction","target":{"@type":"EntryPoint","urlTemplate":"https:\/\/fioredolci.com\/?s={search_term_string}"},"query-input":"required name=search_term_string"}],"inLanguage":"es"},{"@type":"Organization","@id":"https:\/\/fioredolci.com\/#organization","name":"fioredolciaria.com","url":"https:\/\/fioredolci.com\/","logo":{"@type":"ImageObject","inLanguage":"es","@id":"https:\/\/fioredolci.com\/#\/schema\/logo\/image\/","url":"https:\/\/fioredolci.com\/wp-content\/uploads\/2024\/07\/fiore-nome.png","contentUrl":"https:\/\/fioredolci.com\/wp-content\/uploads\/2024\/07\/fiore-nome.png","width":819,"height":460,"caption":"fioredolciaria.com"},"image":{"@id":"https:\/\/fioredolci.com\/#\/schema\/logo\/image\/"}}]}},"_links":{"self":[{"href":"https:\/\/fioredolci.com\/es\/wp-json\/wp\/v2\/product\/547"}],"collection":[{"href":"https:\/\/fioredolci.com\/es\/wp-json\/wp\/v2\/product"}],"about":[{"href":"https:\/\/fioredolci.com\/es\/wp-json\/wp\/v2\/types\/product"}],"replies":[{"embeddable":true,"href":"https:\/\/fioredolci.com\/es\/wp-json\/wp\/v2\/comments?post=547"}],"wp:featuredmedia":[{"embeddable":true,"href":"https:\/\/fioredolci.com\/es\/wp-json\/wp\/v2\/media\/614"}],"wp:attachment":[{"href":"https:\/\/fioredolci.com\/es\/wp-json\/wp\/v2\/media?parent=547"}],"wp:term":[{"taxonomy":"product_cat","embeddable":true,"href":"https:\/\/fioredolci.com\/es\/wp-json\/wp\/v2\/product_cat?post=547"},{"taxonomy":"product_tag","embeddable":true,"href":"https:\/\/fioredolci.com\/es\/wp-json\/wp\/v2\/product_tag?post=547"}],"curies":[{"name":"wp","href":"https:\/\/api.w.org\/{rel}","templated":true}]}}